{"id":650,"date":"2023-09-03T17:51:33","date_gmt":"2023-09-03T16:51:33","guid":{"rendered":"https:\/\/ffbethencourt.es\/?page_id=650"},"modified":"2023-12-14T09:36:56","modified_gmt":"2023-12-14T09:36:56","slug":"aviso-legal","status":"publish","type":"page","link":"https:\/\/ffbethencourt.es\/en\/aviso-legal\/","title":{"rendered":"Legal notice"},"content":{"rendered":"<div data-elementor-type=\"wp-page\" data-elementor-id=\"650\" class=\"elementor elementor-650\" data-elementor-post-type=\"page\">\n\t\t\t\t\t\t<section class=\"elementor-section elementor-top-section elementor-element elementor-element-3b8cde9b elementor-section-boxed elementor-section-height-default elementor-section-height-default\" data-id=\"3b8cde9b\" data-element_type=\"section\" data-e-type=\"section\" data-settings=\"{&quot;background_background&quot;:&quot;classic&quot;}\">\n\t\t\t\t\t\t\t<div class=\"elementor-background-overlay\"><\/div>\n\t\t\t\t\t\t\t<div class=\"elementor-container elementor-column-gap-no\">\n\t\t\t\t\t<div class=\"elementor-column elementor-col-100 elementor-top-column elementor-element elementor-element-319e9c23\" data-id=\"319e9c23\" data-element_type=\"column\" data-e-type=\"column\">\n\t\t\t<div class=\"elementor-widget-wrap elementor-element-populated\">\n\t\t\t\t\t\t<div class=\"elementor-element elementor-element-294baa9d elementor-widget elementor-widget-heading\" data-id=\"294baa9d\" data-element_type=\"widget\" data-e-type=\"widget\" data-widget_type=\"heading.default\">\n\t\t\t\t<div class=\"elementor-widget-container\">\n\t\t\t\t\t<h1 class=\"elementor-heading-title elementor-size-default\">Legal notice<\/h1>\t\t\t\t<\/div>\n\t\t\t\t<\/div>\n\t\t\t\t\t<\/div>\n\t\t<\/div>\n\t\t\t\t\t<\/div>\n\t\t<\/section>\n\t\t\t\t<section class=\"elementor-section elementor-top-section elementor-element elementor-element-4e710a73 elementor-section-boxed elementor-section-height-default elementor-section-height-default elementor-invisible\" data-id=\"4e710a73\" data-element_type=\"section\" data-e-type=\"section\" data-settings=\"{&quot;animation&quot;:&quot;fadeInUp&quot;}\">\n\t\t\t\t\t\t<div class=\"elementor-container elementor-column-gap-no\">\n\t\t\t\t\t<div class=\"elementor-column elementor-col-100 elementor-top-column elementor-element elementor-element-19afc40f\" data-id=\"19afc40f\" data-element_type=\"column\" data-e-type=\"column\">\n\t\t\t<div class=\"elementor-widget-wrap elementor-element-populated\">\n\t\t\t\t\t\t<div class=\"elementor-element elementor-element-61605689 elementor-widget elementor-widget-text-editor\" data-id=\"61605689\" data-element_type=\"widget\" data-e-type=\"widget\" data-widget_type=\"text-editor.default\">\n\t\t\t\t<div class=\"elementor-widget-container\">\n\t\t\t\t\t\t\t\t\t<p>Seg\u00fan lo establecido en la LSSICE 34\/2002 le informamos que los datos obtenidos por medio de la presente p\u00e1gina Web se ajustan a las obligaciones y requisitos dimanados de la LOPD 15\/99 y sus reglamentos desarrollados en el RLOPD RD 1720\/2007 y el RGPD UE 2016\/679. El titular es la entidad Fern\u00e1ndez Bethencourt Abogados, con n\u00famero de ICATF 1561 y direcci\u00f3n en Avenida de la Trinidad, 13 4\u00ba piso, 38204, San Crist\u00f3bal de La Laguna, Santa Cruz de Tenerife.<\/p>\n<p>Para cualquier aclaraci\u00f3n o consulta puede ponerse en contacto con nosotros en el 667 765 574 o bien por correo electr\u00f3nico en despacho@ffbethencourt.es .<\/p>\n<p><\/p>\n<h4 data-fontsize=\"28\" data-lineheight=\"38.08px\">Aceptaci\u00f3n de T\u00e9rminos<\/h4>\n<p>Los servicios que Fern\u00e1ndez Bethencourt Abogados describe y\/o suministra en la Web est\u00e1n sujetos a los siguientes T\u00e9rminos de Uso. Fern\u00e1ndez Bethencourt Abogados se reserva el derecho de actualizar estos t\u00e9rminos de uso sin previo aviso. A la versi\u00f3n m\u00e1s actualizada de estos t\u00e9rminos podr\u00e1 acceder usando el enlace disponible en la Web como \u201cAviso legal y T\u00e9rminos de Uso.\u201d<\/p>\n<p>Por el acceso a la Web se le atribuye la condici\u00f3n de \u201cUsuario de la Web\u201d (en adelante, el \u201cUsuario\u201d) e implica la aceptaci\u00f3n plena y sin reservas de todas y cada una de las disposiciones incluidas en este Aviso Legal en la versi\u00f3n publicada por Fern\u00e1ndez Bethencourt Abogados en el momento mismo en que el Usuario acceda a la Web. En consecuencia, el Usuario debe leer atentamente el presente Aviso Legal en cada una de las ocasiones en que se proponga utilizar la Web, ya que aqu\u00e9l puede sufrir modificaciones.<\/p>\n<p>Ponemos a disposici\u00f3n del Usuario diferentes medios de contacto, que podr\u00e1 encontrar en la secci\u00f3n de contacto de la Web.<\/p>\n<h4 data-fontsize=\"28\" data-lineheight=\"38.08px\">Con Car\u00e1cter General<\/h4>\n<p>Fern\u00e1ndez Bethencourt Abogados informa que la p\u00e1gina web https:\/\/www.ffbethencourt.es tiene por objeto facilitar, al p\u00fablico en general, el conocimiento de las actividades que esta empresa realiza y de los productos y servicios que presta.<\/p>\n<h4 data-fontsize=\"28\" data-lineheight=\"38.08px\">Sobre el Acceso y los Contenidos<\/h4>\n<p>Fern\u00e1ndez Bethencourt Abogados se reserva la facultad de efectuar, en cualquier momento y sin necesidad de previo aviso, modificaciones y actualizaciones de la informaci\u00f3n contenida en la Web o en la configuraci\u00f3n y presentaci\u00f3n de \u00e9sta.<\/p>\n<p>Fern\u00e1ndez Bethencourt Abogados no garantiza la inexistencia de errores en el acceso al Web, en su contenido, ni que \u00e9ste se encuentre actualizado, aunque desarrollar\u00e1 sus mejores esfuerzos para, en su caso, evitarlos, subsanarlos o actualizarlos.<\/p>\n<h4 data-fontsize=\"28\" data-lineheight=\"38.08px\">Limitaci\u00f3n al uso personal y no comercial<\/h4>\n<p>El Usuario se compromete a utilizar la Web y los Servicios de conformidad con la ley, el presente Aviso Legal, y dem\u00e1s avisos, reglamentos de uso e instrucciones puestos en su conocimiento, as\u00ed como con la moral y las buenas costumbres generalmente aceptadas y el orden p\u00fablico.<\/p>\n<p>Queda prohibido transmitir o enviar a trav\u00e9s de la Web cualquier contenido ilegal o il\u00edcito, virus inform\u00e1ticos, o mensajes que, en general, afecten o violen derechos de Fern\u00e1ndez Bethencourt Abogados o de terceros.<\/p>\n<p>La utilizaci\u00f3n no autorizada de la informaci\u00f3n contenida en esta Web, as\u00ed como la lesi\u00f3n de los derechos de Propiedad Intelectual o Industrial de Fern\u00e1ndez Bethencourt Abogados, dar\u00e1 lugar a las responsabilidades legalmente establecidas<\/p>\n<h4 data-fontsize=\"28\" data-lineheight=\"38.08px\">Enlace a sitios de terceras partes<\/h4>\n<p>En la p\u00e1gina de Fern\u00e1ndez Bethencourt Abogados se proporcionan v\u00ednculos a otras p\u00e1ginas web que permiten abandonar \u00e9sta. Fern\u00e1ndez Bethencourt Abogados no se responsabiliza del contenido de cualquier v\u00ednculo o v\u00ednculos subsiguientes de dichas p\u00e1ginas ya que no est\u00e1n bajo su control.<\/p>\n<p>Adem\u00e1s estos v\u00ednculos se proporcionan con fines pr\u00e1cticos y no implican la aceptaci\u00f3n o recomendaci\u00f3n de Fern\u00e1ndez Bethencourt Abogados.<\/p>\t\t\t\t\t\t\t\t<\/div>\n\t\t\t\t<\/div>\n\t\t\t\t\t<\/div>\n\t\t<\/div>\n\t\t\t\t\t<\/div>\n\t\t<\/section>\n\t\t\t\t<\/div>","protected":false},"excerpt":{"rendered":"<p>Aviso legal Seg\u00fan lo establecido en la LSSICE 34\/2002 le informamos que los datos obtenidos por medio de la presente p\u00e1gina Web se ajustan a las obligaciones y requisitos dimanados de la LOPD 15\/99 y sus reglamentos desarrollados en el RLOPD RD 1720\/2007 y el RGPD UE 2016\/679. El titular es la entidad Fern\u00e1ndez Bethencourt [&hellip;]<\/p>\n","protected":false},"author":5,"featured_media":0,"parent":0,"menu_order":12,"comment_status":"closed","ping_status":"closed","template":"","meta":{"_joinchat":[],"footnotes":""},"class_list":["post-650","page","type-page","status-publish","hentry"],"yoast_head":"<!-- This site is optimized with the Yoast SEO Premium plugin v20.9 (Yoast SEO v27.5) - https:\/\/yoast.com\/product\/yoast-seo-premium-wordpress\/ -->\n<title>Aviso legal - Fern\u00e1ndez Bethencourt Abogados<\/title>\n<meta name=\"description\" content=\"Aviso legal Seg\u00fan lo establecido en la LSSICE 34\/2002 le informamos que los datos obtenidos por medio de la presente p\u00e1gina Web se ajustan a las\" \/>\n<meta name=\"robots\" content=\"noindex, follow\" \/>\n<meta property=\"og:locale\" content=\"en_GB\" \/>\n<meta property=\"og:type\" content=\"article\" \/>\n<meta property=\"og:title\" content=\"Aviso legal\" \/>\n<meta property=\"og:description\" content=\"Aviso legal Seg\u00fan lo establecido en la LSSICE 34\/2002 le informamos que los datos obtenidos por medio de la presente p\u00e1gina Web se ajustan a las\" \/>\n<meta property=\"og:url\" content=\"https:\/\/ffbethencourt.es\/en\/aviso-legal\/\" \/>\n<meta property=\"og:site_name\" content=\"Fern\u00e1ndez Bethencourt Abogados\" \/>\n<meta property=\"article:publisher\" content=\"https:\/\/www.facebook.com\/profile.php?id=61567089429020\" \/>\n<meta property=\"article:modified_time\" content=\"2023-12-14T09:36:56+00:00\" \/>\n<meta name=\"twitter:card\" content=\"summary_large_image\" \/>\n<script type=\"application\/ld+json\" class=\"yoast-schema-graph\">{\"@context\":\"https:\\\/\\\/schema.org\",\"@graph\":[{\"@type\":\"WebPage\",\"@id\":\"https:\\\/\\\/ffbethencourt.es\\\/aviso-legal\\\/\",\"url\":\"https:\\\/\\\/ffbethencourt.es\\\/aviso-legal\\\/\",\"name\":\"Aviso legal - Fern\u00e1ndez Bethencourt Abogados\",\"isPartOf\":{\"@id\":\"https:\\\/\\\/ffbethencourt.es\\\/#website\"},\"datePublished\":\"2023-09-03T16:51:33+00:00\",\"dateModified\":\"2023-12-14T09:36:56+00:00\",\"description\":\"Aviso legal Seg\u00fan lo establecido en la LSSICE 34\\\/2002 le informamos que los datos obtenidos por medio de la presente p\u00e1gina Web se ajustan a las\",\"inLanguage\":\"en-GB\",\"potentialAction\":[{\"@type\":\"ReadAction\",\"target\":[\"https:\\\/\\\/ffbethencourt.es\\\/aviso-legal\\\/\"]}]},{\"@type\":\"WebSite\",\"@id\":\"https:\\\/\\\/ffbethencourt.es\\\/#website\",\"url\":\"https:\\\/\\\/ffbethencourt.es\\\/\",\"name\":\"Fern\u00e1ndez Bethencourt Abogados\",\"description\":\"Abogados en Tenerife\",\"publisher\":{\"@id\":\"https:\\\/\\\/ffbethencourt.es\\\/#organization\"},\"potentialAction\":[{\"@type\":\"SearchAction\",\"target\":{\"@type\":\"EntryPoint\",\"urlTemplate\":\"https:\\\/\\\/ffbethencourt.es\\\/?s={search_term_string}\"},\"query-input\":{\"@type\":\"PropertyValueSpecification\",\"valueRequired\":true,\"valueName\":\"search_term_string\"}}],\"inLanguage\":\"en-GB\"},{\"@type\":\"Organization\",\"@id\":\"https:\\\/\\\/ffbethencourt.es\\\/#organization\",\"name\":\"Fern\u00e1ndez Bethencourt Abogados\",\"url\":\"https:\\\/\\\/ffbethencourt.es\\\/\",\"logo\":{\"@type\":\"ImageObject\",\"inLanguage\":\"en-GB\",\"@id\":\"https:\\\/\\\/ffbethencourt.es\\\/#\\\/schema\\\/logo\\\/image\\\/\",\"url\":\"https:\\\/\\\/ffbethencourt.es\\\/wp-content\\\/uploads\\\/2023\\\/09\\\/cropped-home-slider-logo.png\",\"contentUrl\":\"https:\\\/\\\/ffbethencourt.es\\\/wp-content\\\/uploads\\\/2023\\\/09\\\/cropped-home-slider-logo.png\",\"width\":94,\"height\":90,\"caption\":\"Fern\u00e1ndez Bethencourt Abogados\"},\"image\":{\"@id\":\"https:\\\/\\\/ffbethencourt.es\\\/#\\\/schema\\\/logo\\\/image\\\/\"},\"sameAs\":[\"https:\\\/\\\/www.facebook.com\\\/profile.php?id=61567089429020\"]}]}<\/script>\n<!-- \/ Yoast SEO Premium plugin. -->","yoast_head_json":{"title":"Aviso legal - Fern\u00e1ndez Bethencourt Abogados","description":"Aviso legal Seg\u00fan lo establecido en la LSSICE 34\/2002 le informamos que los datos obtenidos por medio de la presente p\u00e1gina Web se ajustan a las","robots":{"index":"noindex","follow":"follow"},"og_locale":"en_GB","og_type":"article","og_title":"Aviso legal","og_description":"Aviso legal Seg\u00fan lo establecido en la LSSICE 34\/2002 le informamos que los datos obtenidos por medio de la presente p\u00e1gina Web se ajustan a las","og_url":"https:\/\/ffbethencourt.es\/en\/aviso-legal\/","og_site_name":"Fern\u00e1ndez Bethencourt Abogados","article_publisher":"https:\/\/www.facebook.com\/profile.php?id=61567089429020","article_modified_time":"2023-12-14T09:36:56+00:00","twitter_card":"summary_large_image","schema":{"@context":"https:\/\/schema.org","@graph":[{"@type":"WebPage","@id":"https:\/\/ffbethencourt.es\/aviso-legal\/","url":"https:\/\/ffbethencourt.es\/aviso-legal\/","name":"Aviso legal - Fern\u00e1ndez Bethencourt Abogados","isPartOf":{"@id":"https:\/\/ffbethencourt.es\/#website"},"datePublished":"2023-09-03T16:51:33+00:00","dateModified":"2023-12-14T09:36:56+00:00","description":"Aviso legal Seg\u00fan lo establecido en la LSSICE 34\/2002 le informamos que los datos obtenidos por medio de la presente p\u00e1gina Web se ajustan a las","inLanguage":"en-GB","potentialAction":[{"@type":"ReadAction","target":["https:\/\/ffbethencourt.es\/aviso-legal\/"]}]},{"@type":"WebSite","@id":"https:\/\/ffbethencourt.es\/#website","url":"https:\/\/ffbethencourt.es\/","name":"Fern\u00e1ndez Bethencourt Abogados","description":"Abogados en Tenerife","publisher":{"@id":"https:\/\/ffbethencourt.es\/#organization"},"potentialAction":[{"@type":"SearchAction","target":{"@type":"EntryPoint","urlTemplate":"https:\/\/ffbethencourt.es\/?s={search_term_string}"},"query-input":{"@type":"PropertyValueSpecification","valueRequired":true,"valueName":"search_term_string"}}],"inLanguage":"en-GB"},{"@type":"Organization","@id":"https:\/\/ffbethencourt.es\/#organization","name":"Fern\u00e1ndez Bethencourt Abogados","url":"https:\/\/ffbethencourt.es\/","logo":{"@type":"ImageObject","inLanguage":"en-GB","@id":"https:\/\/ffbethencourt.es\/#\/schema\/logo\/image\/","url":"https:\/\/ffbethencourt.es\/wp-content\/uploads\/2023\/09\/cropped-home-slider-logo.png","contentUrl":"https:\/\/ffbethencourt.es\/wp-content\/uploads\/2023\/09\/cropped-home-slider-logo.png","width":94,"height":90,"caption":"Fern\u00e1ndez Bethencourt Abogados"},"image":{"@id":"https:\/\/ffbethencourt.es\/#\/schema\/logo\/image\/"},"sameAs":["https:\/\/www.facebook.com\/profile.php?id=61567089429020"]}]}},"_links":{"self":[{"href":"https:\/\/ffbethencourt.es\/en\/wp-json\/wp\/v2\/pages\/650","targetHints":{"allow":["GET"]}}],"collection":[{"href":"https:\/\/ffbethencourt.es\/en\/wp-json\/wp\/v2\/pages"}],"about":[{"href":"https:\/\/ffbethencourt.es\/en\/wp-json\/wp\/v2\/types\/page"}],"author":[{"embeddable":true,"href":"https:\/\/ffbethencourt.es\/en\/wp-json\/wp\/v2\/users\/5"}],"replies":[{"embeddable":true,"href":"https:\/\/ffbethencourt.es\/en\/wp-json\/wp\/v2\/comments?post=650"}],"version-history":[{"count":16,"href":"https:\/\/ffbethencourt.es\/en\/wp-json\/wp\/v2\/pages\/650\/revisions"}],"predecessor-version":[{"id":904,"href":"https:\/\/ffbethencourt.es\/en\/wp-json\/wp\/v2\/pages\/650\/revisions\/904"}],"wp:attachment":[{"href":"https:\/\/ffbethencourt.es\/en\/wp-json\/wp\/v2\/media?parent=650"}],"curies":[{"name":"wp","href":"https:\/\/api.w.org\/{rel}","templated":true}]}}