{"id":657,"date":"2023-09-03T17:53:35","date_gmt":"2023-09-03T16:53:35","guid":{"rendered":"https:\/\/ffbethencourt.es\/?page_id=657"},"modified":"2023-12-14T09:37:14","modified_gmt":"2023-12-14T09:37:14","slug":"politica-de-privacidad","status":"publish","type":"page","link":"https:\/\/ffbethencourt.es\/en\/aviso-legal\/politica-de-privacidad\/","title":{"rendered":"Privacy policy"},"content":{"rendered":"<div data-elementor-type=\"wp-page\" data-elementor-id=\"657\" class=\"elementor elementor-657\" data-elementor-post-type=\"page\">\n\t\t\t\t\t\t<section class=\"elementor-section elementor-top-section elementor-element elementor-element-3b8cde9b elementor-section-boxed elementor-section-height-default elementor-section-height-default\" data-id=\"3b8cde9b\" data-element_type=\"section\" data-e-type=\"section\" data-settings=\"{&quot;background_background&quot;:&quot;classic&quot;}\">\n\t\t\t\t\t\t\t<div class=\"elementor-background-overlay\"><\/div>\n\t\t\t\t\t\t\t<div class=\"elementor-container elementor-column-gap-no\">\n\t\t\t\t\t<div class=\"elementor-column elementor-col-100 elementor-top-column elementor-element elementor-element-319e9c23\" data-id=\"319e9c23\" data-element_type=\"column\" data-e-type=\"column\">\n\t\t\t<div class=\"elementor-widget-wrap elementor-element-populated\">\n\t\t\t\t\t\t<div class=\"elementor-element elementor-element-294baa9d elementor-widget elementor-widget-heading\" data-id=\"294baa9d\" data-element_type=\"widget\" data-e-type=\"widget\" data-widget_type=\"heading.default\">\n\t\t\t\t<div class=\"elementor-widget-container\">\n\t\t\t\t\t<h1 class=\"elementor-heading-title elementor-size-default\">Privacy policy<\/h1>\t\t\t\t<\/div>\n\t\t\t\t<\/div>\n\t\t\t\t\t<\/div>\n\t\t<\/div>\n\t\t\t\t\t<\/div>\n\t\t<\/section>\n\t\t\t\t<section class=\"elementor-section elementor-top-section elementor-element elementor-element-4e710a73 elementor-section-boxed elementor-section-height-default elementor-section-height-default elementor-invisible\" data-id=\"4e710a73\" data-element_type=\"section\" data-e-type=\"section\" data-settings=\"{&quot;animation&quot;:&quot;fadeInUp&quot;}\">\n\t\t\t\t\t\t<div class=\"elementor-container elementor-column-gap-no\">\n\t\t\t\t\t<div class=\"elementor-column elementor-col-100 elementor-top-column elementor-element elementor-element-19afc40f\" data-id=\"19afc40f\" data-element_type=\"column\" data-e-type=\"column\">\n\t\t\t<div class=\"elementor-widget-wrap elementor-element-populated\">\n\t\t\t\t\t\t<div class=\"elementor-element elementor-element-61605689 elementor-widget elementor-widget-text-editor\" data-id=\"61605689\" data-element_type=\"widget\" data-e-type=\"widget\" data-widget_type=\"text-editor.default\">\n\t\t\t\t<div class=\"elementor-widget-container\">\n\t\t\t\t\t\t\t\t\t<p>\u00bfQui\u00e9n es el Responsable del tratamiento de sus datos?<br \/>Fern\u00e1ndez Bethencourt Abogados es un Despacho orientado al ejercicio de la abogac\u00eda, bajo la titularidad de Don Francisco Fern\u00e1ndez Bethencourt, colegiado n\u00famero 1561 del ICATF.<br \/>Con direcci\u00f3n: Avenida de la Trinidad 13 4 piso 38204 San Crist\u00f3bal de la Laguna.<\/p><p>Tel\u00e9fono: <span style=\"font-weight: 400;\">922630373<\/span> y email en <a href=\"mailto:despacho@ffbethencourt.es\"><span style=\"font-weight: 400;\">despacho@ffbethencourt.es<\/span><\/a><br \/>\u00bfCon qu\u00e9 finalidad tratamos sus datos personales?<br \/>En Fern\u00e1ndez Bethencourt Abogados tratamos la informaci\u00f3n con el fin de la relaci\u00f3n contractual que nos une o facilitar a los interesados ofertas de nuestros servicios.<br \/>\u00bfCu\u00e1l es la legitimaci\u00f3n para el tratamiento de sus datos?<br \/>La legitimaci\u00f3n para el tratamiento de los datos personales que nos da ser\u00e1 para la relaci\u00f3n contractual o la potencial relaci\u00f3n contractual suscrita entre usted y el despacho, el inter\u00e9s leg\u00edtimo y el propio consentimiento del interesado.<br \/>Los datos que se le solicitan son adecuados, pertinentes y estrictamente necesarios, no obstante no est\u00e1 obligado a facilit\u00e1rnoslos, pero su no comunicaci\u00f3n podr\u00e1 afectar a la finalidad del servicio o a la imposibilidad de prestarlo.<br \/>\u00bfDurante cu\u00e1nto tiempo los conservaremos?<br \/>Sus datos, ser\u00e1n conservados durante el tiempo m\u00ednimo necesario para la correcta prestaci\u00f3n del servicio y lo que por ley se exige.<\/p><p>\u00bfA qu\u00e9 destinatarios se comunicar\u00e1n sus datos?<br \/>No comunicamos sus datos a ning\u00fan tercero, salvo que le informemos de ello expresamente en la documentaci\u00f3n contractual en su caso.<br \/>\u00bfCu\u00e1les son sus derechos cuando nos facilita sus datos?<br \/>Los derechos de protecci\u00f3n de datos son:<br \/>\u2022 Derecho de acceso; Derecho de rectificaci\u00f3n o supresi\u00f3n; Derecho de oposici\u00f3n; Derecho a solicitar la limitaci\u00f3n; Derecho a la portabilidad.<br \/>Los titulares de los datos personales obtenidos, podr\u00e1n ejercer sus derechos de protecci\u00f3n de datos personales dirigiendo una comunicaci\u00f3n por escrito al domicilio social o al correo electr\u00f3nico despacho@ffbethencourt.es, siendo necesario la identificaci\u00f3n mediante la inclusi\u00f3n del documento de identidad.<br \/>Existe m\u00e1s informaci\u00f3n a su disposici\u00f3n sobre sus derechos en la p\u00e1gina web de la AEPD, Agencia Espa\u00f1ola de Protecci\u00f3n de Datos (la autoridad de control espa\u00f1ola), en www.agpd.es.<br \/>\u00bfD\u00f3nde puede reclamar si considera que sus datos no se tratan correctamente?<br \/>Puede dirigirse directamente a despacho@ffbethencourt.es o acudir a la AEPD.<br \/>\u2022 Las respuestas que podamos realizar a trav\u00e9s de estas redes solo ser\u00e1n orientativas.<br \/>\u2022 Nos reservamos el derecho a no responder a mensajes o comentarios que hayamos recibido por estos canales.<br \/>\u2022 Los contenidos publicados en nuestro perfil son de nuestra titularidad y est\u00e1n protegidos por su normativa. Aunque podemos incluir enlaces de terceros que consideremos de inter\u00e9s, no asumimos responsabilidad alguna sobre su contenido.<br \/>\u2022 El hecho de seguir otros perfiles, grupos o p\u00e1ginas no implica nuestra vinculaci\u00f3n a ellos de ninguna forma.<br \/>\u2022 Nos reservamos el derecho a modificar o eliminar en cualquier momento nuestras publicaciones a trav\u00e9s de las redes.<br \/>Medidas de seguridad y actualizaci\u00f3n<br \/>Le hacemos conocedor de que hemos adoptado todas las medidas t\u00e9cnicas y organizativas necesarias para garantizar que sus datos personales est\u00e1n salvaguardados. Y aunque la seguridad absoluta no existe, le informamos que con las mismas se evita la p\u00e9rdida o alteraci\u00f3n de sus datos y se protegen ante accesos no autorizados.<br \/>De la misma manera, debe saber que para que podamos tener sus datos personales actualizados, es necesario que nos informe de cualquier cambio o modificaci\u00f3n que se produzca en ellos.<br \/>Confidencialidad<br \/>En Fern\u00e1ndez Bethencourt Abogados le aseguramos de que sus datos ser\u00e1n tratados con el m\u00e1ximo celo y confidencialidad desde el primer momento, sin que cedamos o comuniquemos sus datos a terceros, a excepci\u00f3n de que el interesado nos autorice expresamente o en los casos previstos legalmente.<br \/>\u00bfPuede retirar el consentimiento?<br \/>Tiene la posibilidad y el derecho a retirar el consentimiento para cualquier finalidad espec\u00edfica que otorgara en su momento, pero ello no afectar\u00e1 a la licitud del tratamiento basado en el consentimiento previo a su retirada.<\/p>\t\t\t\t\t\t\t\t<\/div>\n\t\t\t\t<\/div>\n\t\t\t\t\t<\/div>\n\t\t<\/div>\n\t\t\t\t\t<\/div>\n\t\t<\/section>\n\t\t\t\t<\/div>","protected":false},"excerpt":{"rendered":"<p>Pol\u00edtica de privacidad \u00bfQui\u00e9n es el Responsable del tratamiento de sus datos?Fern\u00e1ndez Bethencourt Abogados es un Despacho orientado al ejercicio de la abogac\u00eda, bajo la titularidad de Don Francisco Fern\u00e1ndez Bethencourt, colegiado n\u00famero 1561 del ICATF.Con direcci\u00f3n: Avenida de la Trinidad 13 4 piso 38204 San Crist\u00f3bal de la Laguna. Tel\u00e9fono: 922630373 y email en [&hellip;]<\/p>\n","protected":false},"author":5,"featured_media":0,"parent":650,"menu_order":2,"comment_status":"closed","ping_status":"closed","template":"","meta":{"_joinchat":[],"footnotes":""},"class_list":["post-657","page","type-page","status-publish","hentry"],"yoast_head":"<!-- This site is optimized with the Yoast SEO Premium plugin v20.9 (Yoast SEO v27.3) - https:\/\/yoast.com\/product\/yoast-seo-premium-wordpress\/ -->\n<title>Pol\u00edtica de privacidad - Fern\u00e1ndez Bethencourt Abogados<\/title>\n<meta name=\"description\" content=\"Pol\u00edtica de privacidad \u00bfQui\u00e9n es el Responsable del tratamiento de sus datos?Fern\u00e1ndez Bethencourt Abogados es un Despacho orientado al ejercicio de la\" \/>\n<meta name=\"robots\" content=\"noindex, nofollow\" \/>\n<meta property=\"og:locale\" content=\"en_GB\" \/>\n<meta property=\"og:type\" content=\"article\" \/>\n<meta property=\"og:title\" content=\"Pol\u00edtica de privacidad\" \/>\n<meta property=\"og:description\" content=\"Pol\u00edtica de privacidad \u00bfQui\u00e9n es el Responsable del tratamiento de sus datos?Fern\u00e1ndez Bethencourt Abogados es un Despacho orientado al ejercicio de la\" \/>\n<meta property=\"og:url\" content=\"https:\/\/ffbethencourt.es\/en\/aviso-legal\/politica-de-privacidad\/\" \/>\n<meta property=\"og:site_name\" content=\"Fern\u00e1ndez Bethencourt Abogados\" \/>\n<meta property=\"article:publisher\" content=\"https:\/\/www.facebook.com\/profile.php?id=61567089429020\" \/>\n<meta property=\"article:modified_time\" content=\"2023-12-14T09:37:14+00:00\" \/>\n<meta name=\"twitter:card\" content=\"summary_large_image\" \/>\n<script type=\"application\/ld+json\" class=\"yoast-schema-graph\">{\"@context\":\"https:\\\/\\\/schema.org\",\"@graph\":[{\"@type\":\"WebPage\",\"@id\":\"https:\\\/\\\/ffbethencourt.es\\\/aviso-legal\\\/politica-de-privacidad\\\/\",\"url\":\"https:\\\/\\\/ffbethencourt.es\\\/aviso-legal\\\/politica-de-privacidad\\\/\",\"name\":\"Pol\u00edtica de privacidad - Fern\u00e1ndez Bethencourt Abogados\",\"isPartOf\":{\"@id\":\"https:\\\/\\\/ffbethencourt.es\\\/#website\"},\"datePublished\":\"2023-09-03T16:53:35+00:00\",\"dateModified\":\"2023-12-14T09:37:14+00:00\",\"description\":\"Pol\u00edtica de privacidad \u00bfQui\u00e9n es el Responsable del tratamiento de sus datos?Fern\u00e1ndez Bethencourt Abogados es un Despacho orientado al ejercicio de la\",\"breadcrumb\":{\"@id\":\"https:\\\/\\\/ffbethencourt.es\\\/aviso-legal\\\/politica-de-privacidad\\\/#breadcrumb\"},\"inLanguage\":\"en-GB\",\"potentialAction\":[{\"@type\":\"ReadAction\",\"target\":[\"https:\\\/\\\/ffbethencourt.es\\\/aviso-legal\\\/politica-de-privacidad\\\/\"]}]},{\"@type\":\"BreadcrumbList\",\"@id\":\"https:\\\/\\\/ffbethencourt.es\\\/aviso-legal\\\/politica-de-privacidad\\\/#breadcrumb\",\"itemListElement\":[{\"@type\":\"ListItem\",\"position\":1,\"name\":\"Aviso legal\",\"item\":\"https:\\\/\\\/ffbethencourt.es\\\/aviso-legal\\\/\"},{\"@type\":\"ListItem\",\"position\":2,\"name\":\"Pol\u00edtica de privacidad\"}]},{\"@type\":\"WebSite\",\"@id\":\"https:\\\/\\\/ffbethencourt.es\\\/#website\",\"url\":\"https:\\\/\\\/ffbethencourt.es\\\/\",\"name\":\"Fern\u00e1ndez Bethencourt Abogados\",\"description\":\"Abogados en Tenerife\",\"publisher\":{\"@id\":\"https:\\\/\\\/ffbethencourt.es\\\/#organization\"},\"potentialAction\":[{\"@type\":\"SearchAction\",\"target\":{\"@type\":\"EntryPoint\",\"urlTemplate\":\"https:\\\/\\\/ffbethencourt.es\\\/?s={search_term_string}\"},\"query-input\":{\"@type\":\"PropertyValueSpecification\",\"valueRequired\":true,\"valueName\":\"search_term_string\"}}],\"inLanguage\":\"en-GB\"},{\"@type\":\"Organization\",\"@id\":\"https:\\\/\\\/ffbethencourt.es\\\/#organization\",\"name\":\"Fern\u00e1ndez Bethencourt Abogados\",\"url\":\"https:\\\/\\\/ffbethencourt.es\\\/\",\"logo\":{\"@type\":\"ImageObject\",\"inLanguage\":\"en-GB\",\"@id\":\"https:\\\/\\\/ffbethencourt.es\\\/#\\\/schema\\\/logo\\\/image\\\/\",\"url\":\"https:\\\/\\\/ffbethencourt.es\\\/wp-content\\\/uploads\\\/2023\\\/09\\\/cropped-home-slider-logo.png\",\"contentUrl\":\"https:\\\/\\\/ffbethencourt.es\\\/wp-content\\\/uploads\\\/2023\\\/09\\\/cropped-home-slider-logo.png\",\"width\":94,\"height\":90,\"caption\":\"Fern\u00e1ndez Bethencourt Abogados\"},\"image\":{\"@id\":\"https:\\\/\\\/ffbethencourt.es\\\/#\\\/schema\\\/logo\\\/image\\\/\"},\"sameAs\":[\"https:\\\/\\\/www.facebook.com\\\/profile.php?id=61567089429020\"]}]}<\/script>\n<!-- \/ Yoast SEO Premium plugin. -->","yoast_head_json":{"title":"Pol\u00edtica de privacidad - Fern\u00e1ndez Bethencourt Abogados","description":"Pol\u00edtica de privacidad \u00bfQui\u00e9n es el Responsable del tratamiento de sus datos?Fern\u00e1ndez Bethencourt Abogados es un Despacho orientado al ejercicio de la","robots":{"index":"noindex","follow":"nofollow"},"og_locale":"en_GB","og_type":"article","og_title":"Pol\u00edtica de privacidad","og_description":"Pol\u00edtica de privacidad \u00bfQui\u00e9n es el Responsable del tratamiento de sus datos?Fern\u00e1ndez Bethencourt Abogados es un Despacho orientado al ejercicio de la","og_url":"https:\/\/ffbethencourt.es\/en\/aviso-legal\/politica-de-privacidad\/","og_site_name":"Fern\u00e1ndez Bethencourt Abogados","article_publisher":"https:\/\/www.facebook.com\/profile.php?id=61567089429020","article_modified_time":"2023-12-14T09:37:14+00:00","twitter_card":"summary_large_image","schema":{"@context":"https:\/\/schema.org","@graph":[{"@type":"WebPage","@id":"https:\/\/ffbethencourt.es\/aviso-legal\/politica-de-privacidad\/","url":"https:\/\/ffbethencourt.es\/aviso-legal\/politica-de-privacidad\/","name":"Pol\u00edtica de privacidad - Fern\u00e1ndez Bethencourt Abogados","isPartOf":{"@id":"https:\/\/ffbethencourt.es\/#website"},"datePublished":"2023-09-03T16:53:35+00:00","dateModified":"2023-12-14T09:37:14+00:00","description":"Pol\u00edtica de privacidad \u00bfQui\u00e9n es el Responsable del tratamiento de sus datos?Fern\u00e1ndez Bethencourt Abogados es un Despacho orientado al ejercicio de la","breadcrumb":{"@id":"https:\/\/ffbethencourt.es\/aviso-legal\/politica-de-privacidad\/#breadcrumb"},"inLanguage":"en-GB","potentialAction":[{"@type":"ReadAction","target":["https:\/\/ffbethencourt.es\/aviso-legal\/politica-de-privacidad\/"]}]},{"@type":"BreadcrumbList","@id":"https:\/\/ffbethencourt.es\/aviso-legal\/politica-de-privacidad\/#breadcrumb","itemListElement":[{"@type":"ListItem","position":1,"name":"Aviso legal","item":"https:\/\/ffbethencourt.es\/aviso-legal\/"},{"@type":"ListItem","position":2,"name":"Pol\u00edtica de privacidad"}]},{"@type":"WebSite","@id":"https:\/\/ffbethencourt.es\/#website","url":"https:\/\/ffbethencourt.es\/","name":"Fern\u00e1ndez Bethencourt Abogados","description":"Abogados en Tenerife","publisher":{"@id":"https:\/\/ffbethencourt.es\/#organization"},"potentialAction":[{"@type":"SearchAction","target":{"@type":"EntryPoint","urlTemplate":"https:\/\/ffbethencourt.es\/?s={search_term_string}"},"query-input":{"@type":"PropertyValueSpecification","valueRequired":true,"valueName":"search_term_string"}}],"inLanguage":"en-GB"},{"@type":"Organization","@id":"https:\/\/ffbethencourt.es\/#organization","name":"Fern\u00e1ndez Bethencourt Abogados","url":"https:\/\/ffbethencourt.es\/","logo":{"@type":"ImageObject","inLanguage":"en-GB","@id":"https:\/\/ffbethencourt.es\/#\/schema\/logo\/image\/","url":"https:\/\/ffbethencourt.es\/wp-content\/uploads\/2023\/09\/cropped-home-slider-logo.png","contentUrl":"https:\/\/ffbethencourt.es\/wp-content\/uploads\/2023\/09\/cropped-home-slider-logo.png","width":94,"height":90,"caption":"Fern\u00e1ndez Bethencourt Abogados"},"image":{"@id":"https:\/\/ffbethencourt.es\/#\/schema\/logo\/image\/"},"sameAs":["https:\/\/www.facebook.com\/profile.php?id=61567089429020"]}]}},"_links":{"self":[{"href":"https:\/\/ffbethencourt.es\/en\/wp-json\/wp\/v2\/pages\/657","targetHints":{"allow":["GET"]}}],"collection":[{"href":"https:\/\/ffbethencourt.es\/en\/wp-json\/wp\/v2\/pages"}],"about":[{"href":"https:\/\/ffbethencourt.es\/en\/wp-json\/wp\/v2\/types\/page"}],"author":[{"embeddable":true,"href":"https:\/\/ffbethencourt.es\/en\/wp-json\/wp\/v2\/users\/5"}],"replies":[{"embeddable":true,"href":"https:\/\/ffbethencourt.es\/en\/wp-json\/wp\/v2\/comments?post=657"}],"version-history":[{"count":10,"href":"https:\/\/ffbethencourt.es\/en\/wp-json\/wp\/v2\/pages\/657\/revisions"}],"predecessor-version":[{"id":856,"href":"https:\/\/ffbethencourt.es\/en\/wp-json\/wp\/v2\/pages\/657\/revisions\/856"}],"up":[{"embeddable":true,"href":"https:\/\/ffbethencourt.es\/en\/wp-json\/wp\/v2\/pages\/650"}],"wp:attachment":[{"href":"https:\/\/ffbethencourt.es\/en\/wp-json\/wp\/v2\/media?parent=657"}],"curies":[{"name":"wp","href":"https:\/\/api.w.org\/{rel}","templated":true}]}}